{"id":101,"date":"2018-11-07T10:42:52","date_gmt":"2018-11-07T09:42:52","guid":{"rendered":"http:\/\/www.onmangecamp.be\/saint-vincent\/?page_id=101"},"modified":"2023-12-18T16:44:25","modified_gmt":"2023-12-18T15:44:25","slug":"accueil","status":"publish","type":"page","link":"http:\/\/collegelafraternite.com\/saint-vincent\/","title":{"rendered":"Accueil"},"content":{"rendered":"<p>&nbsp;<\/p>\n<p>Le coll\u00e8ge la Fraternit\u00e9 est une \u00e9cole ouverte sur le monde qui aide chaque \u00e9l\u00e8ve \u00e0 trouver sa place et \u00e0 devenir, en s\u2019entreprenant, un adulte engag\u00e9 et responsable, fier de ce qu\u2019il est et de ce qu\u2019il fait. Son objectif est de pr\u00e9parer tous les \u00e9l\u00e8ves \u00e0 \u00eatre des citoyens responsables capables de contribuer au d\u00e9veloppement d\u2019une soci\u00e9t\u00e9 d\u00e9mocratique, solidaire, pluraliste et ouverte aux autres cultures. C\u2019est une \u00e9cole dynamique, aux dimensions humaines, o\u00f9 chaque personne a son importance.<\/p>\n<p>&nbsp;<\/p>\n\n\n<hr class=\"wp-block-separator\"\/>\n\n\n\n<div class=\"wp-block-buttons\">\n<div class=\"wp-block-button is-style-fill\"><a class=\"wp-block-button__link has-white-color has-text-color has-background\" href=\"https:\/\/collegelafraternite.com\/saint-vincent\/activites-photos\/\" style=\"background-color:#a30000\" target=\"_blank\" rel=\"noreferrer noopener\">Quelques photos de nos activit\u00e9s<\/a><\/div>\n\n\n\n<div class=\"wp-block-button\"><a class=\"wp-block-button__link has-white-color has-white-background-color has-text-color has-background\"><\/a><\/div>\n\n\n\n<div class=\"wp-block-button is-style-fill\"><a class=\"wp-block-button__link has-background\" href=\"https:\/\/collegelafraternite.com\/saint-vincent\/erasmus\/\" style=\"background-color:#a31300\" target=\"_blank\" rel=\"noreferrer noopener\">Erasmus +<\/a><\/div>\n\n\n\n<div class=\"wp-block-button\"><a class=\"wp-block-button__link has-white-background-color has-background\"><\/a><\/div>\n\n\n\n<div class=\"wp-block-button\"><a class=\"wp-block-button__link has-background\" href=\"https:\/\/collegelafraternite.com\/saint-vincent\/informations-pratiques\/inscriptions\/\" style=\"background-color:#a30100\" target=\"_blank\" rel=\"noreferrer noopener\">Inscriptions<\/a><\/div>\n<\/div>\n\n\n\n<hr class=\"wp-block-separator\"\/>\n\n\n\n<p><\/p>\n","protected":false},"excerpt":{"rendered":"<p>&nbsp; Le coll\u00e8ge la Fraternit\u00e9 est une \u00e9cole ouverte sur le monde qui aide chaque \u00e9l\u00e8ve \u00e0 trouver sa place et \u00e0 devenir, en s\u2019entreprenant, un adulte engag\u00e9 et responsable, fier de ce qu\u2019il est et de ce qu\u2019il fait. Son objectif est de pr\u00e9parer tous les \u00e9l\u00e8ves \u00e0 \u00eatre des citoyens responsables capables de [&hellip;]<\/p>\n","protected":false},"author":1,"featured_media":0,"parent":0,"menu_order":0,"comment_status":"closed","ping_status":"closed","template":"page-fullwidth.php","meta":{"ngg_post_thumbnail":0},"_links":{"self":[{"href":"http:\/\/collegelafraternite.com\/saint-vincent\/wp-json\/wp\/v2\/pages\/101"}],"collection":[{"href":"http:\/\/collegelafraternite.com\/saint-vincent\/wp-json\/wp\/v2\/pages"}],"about":[{"href":"http:\/\/collegelafraternite.com\/saint-vincent\/wp-json\/wp\/v2\/types\/page"}],"author":[{"embeddable":true,"href":"http:\/\/collegelafraternite.com\/saint-vincent\/wp-json\/wp\/v2\/users\/1"}],"replies":[{"embeddable":true,"href":"http:\/\/collegelafraternite.com\/saint-vincent\/wp-json\/wp\/v2\/comments?post=101"}],"version-history":[{"count":11,"href":"http:\/\/collegelafraternite.com\/saint-vincent\/wp-json\/wp\/v2\/pages\/101\/revisions"}],"predecessor-version":[{"id":1226,"href":"http:\/\/collegelafraternite.com\/saint-vincent\/wp-json\/wp\/v2\/pages\/101\/revisions\/1226"}],"wp:attachment":[{"href":"http:\/\/collegelafraternite.com\/saint-vincent\/wp-json\/wp\/v2\/media?parent=101"}],"curies":[{"name":"wp","href":"https:\/\/api.w.org\/{rel}","templated":true}]}}