{"id":745,"date":"2018-10-31T12:36:46","date_gmt":"2018-10-31T11:36:46","guid":{"rendered":"http:\/\/www.onmangecamp.be\/saint-vincent\/?page_id=2"},"modified":"2019-01-28T12:52:31","modified_gmt":"2019-01-28T11:52:31","slug":"page-d-exemple","status":"publish","type":"page","link":"http:\/\/collegelafraternite.com\/saint-vincent\/page-d-exemple\/","title":{"rendered":"Sections"},"content":{"rendered":"\n<h1>Deuxi\u00e8me degr\u00e9 professionnel<\/h1>\n\n\n\n<ul><li><a href=\"http:\/\/collegelafraternite.com\/saint-vincent\/page-d-exemple\/2e-degre-services-sociaux\/\">Services sociaux (3<\/a><sup><a href=\"http:\/\/collegelafraternite.com\/saint-vincent\/page-d-exemple\/2e-degre-services-sociaux\/\">e<\/a><\/sup><a href=\"http:\/\/collegelafraternite.com\/saint-vincent\/page-d-exemple\/2e-degre-services-sociaux\/\"> et 4<\/a><sup><a href=\"http:\/\/collegelafraternite.com\/saint-vincent\/page-d-exemple\/2e-degre-services-sociaux\/\">e<\/a><\/sup><a href=\"http:\/\/collegelafraternite.com\/saint-vincent\/page-d-exemple\/2e-degre-services-sociaux\/\">)&nbsp;<\/a><\/li><li><a href=\"http:\/\/collegelafraternite.com\/saint-vincent\/page-d-exemple\/2e-degre-travaux-de-bureau\/\">Travaux de bureau (3<\/a><sup><a href=\"http:\/\/collegelafraternite.com\/saint-vincent\/page-d-exemple\/2e-degre-travaux-de-bureau\/\">e<\/a><\/sup><a href=\"http:\/\/collegelafraternite.com\/saint-vincent\/page-d-exemple\/2e-degre-travaux-de-bureau\/\"> et 4<\/a><sup><a href=\"http:\/\/collegelafraternite.com\/saint-vincent\/page-d-exemple\/2e-degre-travaux-de-bureau\/\">e<\/a><\/sup><a href=\"http:\/\/collegelafraternite.com\/saint-vincent\/page-d-exemple\/2e-degre-travaux-de-bureau\/\">)<\/a><\/li><\/ul>\n\n\n\n<h1>Troisi\u00e8me degr\u00e9 professionnel<\/h1>\n\n\n\n<ul><li><a href=\"http:\/\/collegelafraternite.com\/saint-vincent\/page-d-exemple\/3e-degre-auxiliaire-administratif-et-daccueil\/\">Auxiliaire administratif.ve et d&rsquo;accueil (5<\/a><sup><a href=\"http:\/\/collegelafraternite.com\/saint-vincent\/page-d-exemple\/3e-degre-auxiliaire-administratif-et-daccueil\/\">e<\/a><\/sup><a href=\"http:\/\/collegelafraternite.com\/saint-vincent\/page-d-exemple\/3e-degre-auxiliaire-administratif-et-daccueil\/\"> et 6<\/a><sup><a href=\"http:\/\/collegelafraternite.com\/saint-vincent\/page-d-exemple\/3e-degre-auxiliaire-administratif-et-daccueil\/\">e<\/a><\/sup><a href=\"http:\/\/collegelafraternite.com\/saint-vincent\/page-d-exemple\/3e-degre-auxiliaire-administratif-et-daccueil\/\">)<\/a><\/li><li><a href=\"http:\/\/collegelafraternite.com\/saint-vincent\/page-d-exemple\/3e-degre-puericulture\/\">Pu\u00e9riculture (5<\/a><sup><a href=\"http:\/\/collegelafraternite.com\/saint-vincent\/page-d-exemple\/3e-degre-puericulture\/\">e<\/a><\/sup><a href=\"http:\/\/collegelafraternite.com\/saint-vincent\/page-d-exemple\/3e-degre-puericulture\/\">, 6<\/a><sup><a href=\"http:\/\/collegelafraternite.com\/saint-vincent\/page-d-exemple\/3e-degre-puericulture\/\">e<\/a><\/sup><a href=\"http:\/\/collegelafraternite.com\/saint-vincent\/page-d-exemple\/3e-degre-puericulture\/\"> et 7<\/a><sup><a href=\"http:\/\/collegelafraternite.com\/saint-vincent\/page-d-exemple\/3e-degre-puericulture\/\">e<\/a><\/sup><a href=\"http:\/\/collegelafraternite.com\/saint-vincent\/page-d-exemple\/3e-degre-puericulture\/\">)<\/a><\/li><li><a href=\"http:\/\/collegelafraternite.com\/saint-vincent\/page-d-exemple\/7e-agent-medico-social\/\">Agent.e m\u00e9dico-social.e (7<\/a><sup><a href=\"http:\/\/collegelafraternite.com\/saint-vincent\/page-d-exemple\/7e-agent-medico-social\/\">e<\/a><\/sup><a href=\"http:\/\/collegelafraternite.com\/saint-vincent\/page-d-exemple\/7e-agent-medico-social\/\">)<\/a><\/li><\/ul>\n\n\n\n<h1><a href=\"http:\/\/collegelafraternite.com\/saint-vincent\/page-d-exemple\/7e-commune\/\">Section commune (7<\/a><sup><a href=\"http:\/\/collegelafraternite.com\/saint-vincent\/page-d-exemple\/7e-commune\/\">e<\/a><\/sup><a href=\"http:\/\/collegelafraternite.com\/saint-vincent\/page-d-exemple\/7e-commune\/\">)<\/a><\/h1>\n","protected":false},"excerpt":{"rendered":"<p>Deuxi\u00e8me degr\u00e9 professionnel Services sociaux (3e et 4e)&nbsp; Travaux de bureau (3e et 4e) Troisi\u00e8me degr\u00e9 professionnel Auxiliaire administratif.ve et d&rsquo;accueil (5e et 6e) Pu\u00e9riculture (5e, 6e et 7e) Agent.e m\u00e9dico-social.e (7e) Section commune (7e)<\/p>\n","protected":false},"author":1,"featured_media":0,"parent":0,"menu_order":0,"comment_status":"closed","ping_status":"closed","template":"page-fullwidth.php","meta":{"ngg_post_thumbnail":0},"_links":{"self":[{"href":"http:\/\/collegelafraternite.com\/saint-vincent\/wp-json\/wp\/v2\/pages\/745"}],"collection":[{"href":"http:\/\/collegelafraternite.com\/saint-vincent\/wp-json\/wp\/v2\/pages"}],"about":[{"href":"http:\/\/collegelafraternite.com\/saint-vincent\/wp-json\/wp\/v2\/types\/page"}],"author":[{"embeddable":true,"href":"http:\/\/collegelafraternite.com\/saint-vincent\/wp-json\/wp\/v2\/users\/1"}],"replies":[{"embeddable":true,"href":"http:\/\/collegelafraternite.com\/saint-vincent\/wp-json\/wp\/v2\/comments?post=745"}],"version-history":[{"count":6,"href":"http:\/\/collegelafraternite.com\/saint-vincent\/wp-json\/wp\/v2\/pages\/745\/revisions"}],"predecessor-version":[{"id":931,"href":"http:\/\/collegelafraternite.com\/saint-vincent\/wp-json\/wp\/v2\/pages\/745\/revisions\/931"}],"wp:attachment":[{"href":"http:\/\/collegelafraternite.com\/saint-vincent\/wp-json\/wp\/v2\/media?parent=745"}],"curies":[{"name":"wp","href":"https:\/\/api.w.org\/{rel}","templated":true}]}}