{"id":753,"date":"2018-11-30T13:24:19","date_gmt":"2018-11-30T12:24:19","guid":{"rendered":"http:\/\/www.onmangecamp.be\/saint-vincent\/?page_id=157"},"modified":"2019-01-28T12:13:30","modified_gmt":"2019-01-28T11:13:30","slug":"3e-degre-puericulture","status":"publish","type":"page","link":"http:\/\/collegelafraternite.com\/saint-vincent\/page-d-exemple\/3e-degre-puericulture\/","title":{"rendered":"3e degr\u00e9 Pu\u00e9riculture"},"content":{"rendered":"\n<p class=\"has-drop-cap has-small-font-size\">La section pu\u00e9riculture t\u2019offre la possibilit\u00e9 de te former au monde de la petite enfance.\u00a0 Tu apprendras toutes les techniques pour comprendre le d\u00e9veloppement de l\u2019enfant, les soins \u00e0 lui apporter et les techniques pour les mettre en activit\u00e9.\u00a0\u00a0 Au \u00a0cours des trois ans, tu auras beaucoup de stages \u00e0 r\u00e9aliser, ceux-ci se feront en alternance en \u00e9cole maternelle et en cr\u00e8che.\u00a0 Tu auras \u00e9galement la possibilit\u00e9 de faire un stage en enseignement sp\u00e9cialis\u00e9. En outre, gr\u00e2ce \u00e0 sa formation commune, cette section te permettra d\u2019obtenir le CESS au bout de la 7<sup>e<\/sup> ann\u00e9e.<\/p>\n\n\n<h1><span style=\"font-size: 14pt;\">Grilles Horaires<\/span><\/h1>\n<table  class=\" table table-hover\" width=\"466\">\n<tbody>\n<tr>\n<td style=\"text-align: center;\" colspan=\"2\" width=\"232\"><strong>5<sup>e<\/sup> pu\u00e9riculture<\/strong><\/td>\n<td style=\"text-align: center;\" colspan=\"2\" width=\"234\"><strong>6<sup>e<\/sup> pu\u00e9riculture<\/strong><\/td>\n<\/tr>\n<tr>\n<td width=\"197\">Fran\u00e7ais<\/td>\n<td width=\"35\">4h<\/td>\n<td width=\"198\">Fran\u00e7ais<\/td>\n<td width=\"35\">4h<\/td>\n<\/tr>\n<tr>\n<td width=\"197\">Math\u00e9matiques orient\u00e9es<\/td>\n<td width=\"35\">1h<\/td>\n<td width=\"198\">Math\u00e9matiques orient\u00e9es<\/td>\n<td width=\"35\">1h<\/td>\n<\/tr>\n<tr>\n<td width=\"197\">Religion<\/td>\n<td width=\"35\">2h<\/td>\n<td width=\"198\">Religion<\/td>\n<td width=\"35\">2h<\/td>\n<\/tr>\n<tr>\n<td width=\"197\">\u00c9ducation physique<\/td>\n<td width=\"35\">2h<\/td>\n<td width=\"198\">\u00c9ducation physique<\/td>\n<td width=\"35\">2h<\/td>\n<\/tr>\n<tr>\n<td width=\"197\">N\u00e9erlandais<\/td>\n<td width=\"35\">2h<\/td>\n<td width=\"198\">N\u00e9erlandais<\/td>\n<td width=\"35\">2h<\/td>\n<\/tr>\n<tr>\n<td width=\"197\">Formation scientifique<\/td>\n<td width=\"35\">2h<\/td>\n<td width=\"198\">Formation scientifique<\/td>\n<td width=\"35\">2h<\/td>\n<\/tr>\n<tr>\n<td width=\"197\">Formation historique et g\u00e9ographique<\/td>\n<td width=\"35\">2h<\/td>\n<td width=\"198\">Formation historique et g\u00e9ographique<\/td>\n<td width=\"35\">2h<\/td>\n<\/tr>\n<tr>\n<td width=\"197\">Formation sociale et \u00e9conomique<\/td>\n<td width=\"35\">2h<\/td>\n<td width=\"198\">Formation sociale et \u00e9conomique<\/td>\n<td width=\"35\">2h<\/td>\n<\/tr>\n<tr>\n<td width=\"197\">Pu\u00e9riculture<\/td>\n<td width=\"35\">4h<\/td>\n<td width=\"198\">Pu\u00e9riculture<\/td>\n<td width=\"35\">2h<\/td>\n<\/tr>\n<tr>\n<td width=\"197\">Anatomie et physique<\/td>\n<td width=\"35\">2h<\/td>\n<td width=\"198\">Anatomie et physique<\/td>\n<td width=\"35\">1h<\/td>\n<\/tr>\n<tr>\n<td width=\"197\">Psychologie appliqu\u00e9e<\/td>\n<td width=\"35\">3h<\/td>\n<td width=\"198\">Psychologie appliqu\u00e9e<\/td>\n<td width=\"35\">3h<\/td>\n<\/tr>\n<tr>\n<td width=\"197\">\u00c9ducation \u00e0 la nutrition di\u00e9t\u00e9tique<\/td>\n<td width=\"35\">1h<\/td>\n<td width=\"198\">\u00c9ducation \u00e0 la nutrition di\u00e9t\u00e9tique<\/td>\n<td width=\"35\">2h<\/td>\n<\/tr>\n<tr>\n<td width=\"197\">D\u00e9ontologie<\/td>\n<td width=\"35\">1h<\/td>\n<td width=\"198\">Ateliers cr\u00e9atifs<\/td>\n<td width=\"35\">2h<\/td>\n<\/tr>\n<tr>\n<td width=\"197\">Expression gestuelle<\/td>\n<td width=\"35\">1h<\/td>\n<td rowspan=\"4\" width=\"198\">Rem\u00e9diation\/d\u00e9passement\/citoyennet\u00e9<\/td>\n<td rowspan=\"4\" width=\"35\">1h<\/td>\n<\/tr>\n<tr>\n<td width=\"197\">Expression plastique<\/td>\n<td width=\"35\">1h<\/td>\n<\/tr>\n<tr>\n<td width=\"197\">Expression musicale<\/td>\n<td width=\"35\">1h<\/td>\n<\/tr>\n<tr>\n<td width=\"197\">Rem\u00e9diation\/d\u00e9passement\/citoyennet\u00e9<\/td>\n<td width=\"35\">1h<\/td>\n<\/tr>\n<tr>\n<td style=\"text-align: right;\" width=\"197\"><strong>Total<\/strong><\/td>\n<td style=\"text-align: right;\" width=\"35\"><strong>32h<\/strong><\/td>\n<td style=\"text-align: right;\" width=\"198\"><strong>Total<\/strong><\/td>\n<td style=\"text-align: right;\" width=\"35\"><strong>28h<\/strong><\/td>\n<\/tr>\n<\/tbody>\n<\/table>\n<p>&nbsp;<\/p>\n<table  class=\" table table-hover\" width=\"466\">\n<tbody>\n<tr>\n<td colspan=\"2\" width=\"466\">\n<p style=\"text-align: center;\"><strong>7<sup>e<\/sup> pu\u00e9riculture<\/strong><\/p>\n<\/td>\n<\/tr>\n<tr>\n<td width=\"395\">Fran\u00e7ais<\/td>\n<td width=\"71\">4h<\/td>\n<\/tr>\n<tr>\n<td width=\"395\">Religion<\/td>\n<td width=\"71\">2h<\/td>\n<\/tr>\n<tr>\n<td width=\"395\">\u00c9ducation physique<\/td>\n<td width=\"71\">2h<\/td>\n<\/tr>\n<tr>\n<td width=\"395\">N\u00e9erlandais<\/td>\n<td width=\"71\">2h<\/td>\n<\/tr>\n<tr>\n<td width=\"395\">Formation scientifique<\/td>\n<td width=\"71\">2h<\/td>\n<\/tr>\n<tr>\n<td width=\"395\">Formation sociale et \u00e9conomique<\/td>\n<td width=\"71\">2h<\/td>\n<\/tr>\n<tr>\n<td width=\"395\">Pu\u00e9riculture<\/td>\n<td width=\"71\">2h<\/td>\n<\/tr>\n<tr>\n<td width=\"395\">Psychologie appliqu\u00e9e<\/td>\n<td width=\"71\">3h<\/td>\n<\/tr>\n<tr>\n<td width=\"395\">\u00c9ducation \u00e0 la nutrition di\u00e9t\u00e9tique<\/td>\n<td width=\"71\">2h<\/td>\n<\/tr>\n<tr>\n<td width=\"395\">D\u00e9ontologie<\/td>\n<td width=\"71\">1h<\/td>\n<\/tr>\n<tr>\n<td width=\"395\">Ateliers cr\u00e9atifs<\/td>\n<td width=\"71\">2h<\/td>\n<\/tr>\n<tr>\n<td width=\"395\">Rem\u00e9diation\/d\u00e9passement\/citoyennet\u00e9<\/td>\n<td width=\"71\">1h<\/td>\n<\/tr>\n<tr>\n<td style=\"text-align: right;\" width=\"395\"><strong>Total<\/strong><\/td>\n<td style=\"text-align: right;\" width=\"71\"><strong>25h<\/strong><\/td>\n<\/tr>\n<\/tbody>\n<\/table>","protected":false},"excerpt":{"rendered":"<p>La section pu\u00e9riculture t\u2019offre la possibilit\u00e9 de te former au monde de la petite enfance.\u00a0 Tu apprendras toutes les techniques pour comprendre le d\u00e9veloppement de l\u2019enfant, les soins \u00e0 lui apporter et les techniques pour les mettre en activit\u00e9.\u00a0\u00a0 Au \u00a0cours des trois ans, tu auras beaucoup de stages \u00e0 r\u00e9aliser, ceux-ci se feront en [&hellip;]<\/p>\n","protected":false},"author":1,"featured_media":0,"parent":745,"menu_order":0,"comment_status":"closed","ping_status":"closed","template":"page-fullwidth.php","meta":{"ngg_post_thumbnail":0},"_links":{"self":[{"href":"http:\/\/collegelafraternite.com\/saint-vincent\/wp-json\/wp\/v2\/pages\/753"}],"collection":[{"href":"http:\/\/collegelafraternite.com\/saint-vincent\/wp-json\/wp\/v2\/pages"}],"about":[{"href":"http:\/\/collegelafraternite.com\/saint-vincent\/wp-json\/wp\/v2\/types\/page"}],"author":[{"embeddable":true,"href":"http:\/\/collegelafraternite.com\/saint-vincent\/wp-json\/wp\/v2\/users\/1"}],"replies":[{"embeddable":true,"href":"http:\/\/collegelafraternite.com\/saint-vincent\/wp-json\/wp\/v2\/comments?post=753"}],"version-history":[{"count":3,"href":"http:\/\/collegelafraternite.com\/saint-vincent\/wp-json\/wp\/v2\/pages\/753\/revisions"}],"predecessor-version":[{"id":887,"href":"http:\/\/collegelafraternite.com\/saint-vincent\/wp-json\/wp\/v2\/pages\/753\/revisions\/887"}],"up":[{"embeddable":true,"href":"http:\/\/collegelafraternite.com\/saint-vincent\/wp-json\/wp\/v2\/pages\/745"}],"wp:attachment":[{"href":"http:\/\/collegelafraternite.com\/saint-vincent\/wp-json\/wp\/v2\/media?parent=753"}],"curies":[{"name":"wp","href":"https:\/\/api.w.org\/{rel}","templated":true}]}}