{"id":794,"date":"2019-01-28T11:11:37","date_gmt":"2019-01-28T10:11:37","guid":{"rendered":"http:\/\/collegelafraternite.com\/saint-vincent\/?page_id=794"},"modified":"2019-01-28T11:21:09","modified_gmt":"2019-01-28T10:21:09","slug":"vie-a-saint-vincent","status":"publish","type":"page","link":"http:\/\/collegelafraternite.com\/saint-vincent\/vie-a-saint-vincent\/","title":{"rendered":"Vie \u00e0 Saint Vincent"},"content":{"rendered":"\n<h2><a href=\"http:\/\/collegelafraternite.com\/saint-vincent\/bibliotheque\">Biblioth\u00e8que<\/a><\/h2>\n\n\n\n<h2><a href=\"http:\/\/collegelafraternite.com\/saint-vincent\/ecole-citoyenne\">Ecole citoyenne<\/a><\/h2>\n\n\n\n<h2><a href=\"http:\/\/collegelafraternite.com\/saint-vincent\/journees-thematiques\/\">Journ\u00e9es th\u00e9matiques<\/a><\/h2>\n\n\n\n<p><\/p>\n","protected":false},"excerpt":{"rendered":"<p>Biblioth\u00e8que Ecole citoyenne Journ\u00e9es th\u00e9matiques<\/p>\n","protected":false},"author":1,"featured_media":0,"parent":0,"menu_order":0,"comment_status":"closed","ping_status":"closed","template":"page-fullwidth.php","meta":{"ngg_post_thumbnail":0},"_links":{"self":[{"href":"http:\/\/collegelafraternite.com\/saint-vincent\/wp-json\/wp\/v2\/pages\/794"}],"collection":[{"href":"http:\/\/collegelafraternite.com\/saint-vincent\/wp-json\/wp\/v2\/pages"}],"about":[{"href":"http:\/\/collegelafraternite.com\/saint-vincent\/wp-json\/wp\/v2\/types\/page"}],"author":[{"embeddable":true,"href":"http:\/\/collegelafraternite.com\/saint-vincent\/wp-json\/wp\/v2\/users\/1"}],"replies":[{"embeddable":true,"href":"http:\/\/collegelafraternite.com\/saint-vincent\/wp-json\/wp\/v2\/comments?post=794"}],"version-history":[{"count":5,"href":"http:\/\/collegelafraternite.com\/saint-vincent\/wp-json\/wp\/v2\/pages\/794\/revisions"}],"predecessor-version":[{"id":810,"href":"http:\/\/collegelafraternite.com\/saint-vincent\/wp-json\/wp\/v2\/pages\/794\/revisions\/810"}],"wp:attachment":[{"href":"http:\/\/collegelafraternite.com\/saint-vincent\/wp-json\/wp\/v2\/media?parent=794"}],"curies":[{"name":"wp","href":"https:\/\/api.w.org\/{rel}","templated":true}]}}