{"id":808,"date":"2019-01-28T11:20:11","date_gmt":"2019-01-28T10:20:11","guid":{"rendered":"http:\/\/collegelafraternite.com\/saint-vincent\/?page_id=808"},"modified":"2019-01-28T12:56:11","modified_gmt":"2019-01-28T11:56:11","slug":"journees-thematiques","status":"publish","type":"page","link":"http:\/\/collegelafraternite.com\/saint-vincent\/vie-a-saint-vincent\/journees-thematiques\/","title":{"rendered":"Journ\u00e9es th\u00e9matiques"},"content":{"rendered":"\n<p>En fonction des ann\u00e9es, des professeurs organisent des \u00ab\u00a0journ\u00e9es\u00a0\u00bb th\u00e9matiques\u00a0 qui r\u00e9unissent soit toute l\u2019\u00e9cole, soit des degr\u00e9s.\u00a0 <\/p>\n\n\n\n<h4>Quelques exemples\u00a0:<\/h4>\n\n\n\n<ul><li>Journ\u00e9e culturelle o\u00f9 les \u00e9l\u00e8ves sont r\u00e9partis\nen plusieurs groupes afin de d\u00e9couvrir des pans culturels auxquels ils ne sont\npas accoutum\u00e9s.<\/li><li>Journ\u00e9e sportive o\u00f9 les \u00e9l\u00e8ves d\u00e9couvrent de\nnouveaux sports.<\/li><li>Journ\u00e9es sur les droits de l\u2019homme<\/li><li>Journ\u00e9e \u00ab&nbsp;parcours&nbsp; sant\u00e9&nbsp;\u00bb<\/li><\/ul>\n\n\n\n<p><\/p>\n","protected":false},"excerpt":{"rendered":"<p>En fonction des ann\u00e9es, des professeurs organisent des \u00ab\u00a0journ\u00e9es\u00a0\u00bb th\u00e9matiques\u00a0 qui r\u00e9unissent soit toute l\u2019\u00e9cole, soit des degr\u00e9s.\u00a0 Quelques exemples\u00a0: Journ\u00e9e culturelle o\u00f9 les \u00e9l\u00e8ves sont r\u00e9partis en plusieurs groupes afin de d\u00e9couvrir des pans culturels auxquels ils ne sont pas accoutum\u00e9s. Journ\u00e9e sportive o\u00f9 les \u00e9l\u00e8ves d\u00e9couvrent de nouveaux sports. Journ\u00e9es sur les droits [&hellip;]<\/p>\n","protected":false},"author":1,"featured_media":0,"parent":794,"menu_order":0,"comment_status":"closed","ping_status":"closed","template":"page-fullwidth.php","meta":{"ngg_post_thumbnail":0},"_links":{"self":[{"href":"http:\/\/collegelafraternite.com\/saint-vincent\/wp-json\/wp\/v2\/pages\/808"}],"collection":[{"href":"http:\/\/collegelafraternite.com\/saint-vincent\/wp-json\/wp\/v2\/pages"}],"about":[{"href":"http:\/\/collegelafraternite.com\/saint-vincent\/wp-json\/wp\/v2\/types\/page"}],"author":[{"embeddable":true,"href":"http:\/\/collegelafraternite.com\/saint-vincent\/wp-json\/wp\/v2\/users\/1"}],"replies":[{"embeddable":true,"href":"http:\/\/collegelafraternite.com\/saint-vincent\/wp-json\/wp\/v2\/comments?post=808"}],"version-history":[{"count":2,"href":"http:\/\/collegelafraternite.com\/saint-vincent\/wp-json\/wp\/v2\/pages\/808\/revisions"}],"predecessor-version":[{"id":814,"href":"http:\/\/collegelafraternite.com\/saint-vincent\/wp-json\/wp\/v2\/pages\/808\/revisions\/814"}],"up":[{"embeddable":true,"href":"http:\/\/collegelafraternite.com\/saint-vincent\/wp-json\/wp\/v2\/pages\/794"}],"wp:attachment":[{"href":"http:\/\/collegelafraternite.com\/saint-vincent\/wp-json\/wp\/v2\/media?parent=808"}],"curies":[{"name":"wp","href":"https:\/\/api.w.org\/{rel}","templated":true}]}}